{"id":39,"date":"2024-12-01T11:07:05","date_gmt":"2024-12-01T11:07:05","guid":{"rendered":"http:\/\/kronzny.cluster023.hosting.ovh.net\/?page_id=39"},"modified":"2024-12-01T14:57:01","modified_gmt":"2024-12-01T14:57:01","slug":"home","status":"publish","type":"page","link":"https:\/\/www.xn--serwis-wdzarni-24b.pl\/","title":{"rendered":"Serwis w\u0119dzarni i kom\u00f3r w\u0119dzarniczych"},"content":{"rendered":"\n<div class=\"wp-block-cover alignfull has-parallax has-text-color has-link-color wp-elements-44616ea9ba854c5555b940ec75a66a27\" style=\"color:#fffefe;min-height:100vh;aspect-ratio:unset;\"><span aria-hidden=\"true\" class=\"wp-block-cover__background has-background-dim-20 has-background-dim\" style=\"background-color:#1c1c1c\"><\/span><div class=\"wp-block-cover__image-background has-parallax\" style=\"background-position:50% 50%;background-image:url(http:\/\/kronzny.cluster023.hosting.ovh.net\/wp-content\/themes\/kenta-ciela\/assets\/images\/hero-background.jpg)\"><\/div><div class=\"wp-block-cover__inner-container is-layout-flow wp-block-cover-is-layout-flow\">\n<h1 class=\"wp-block-heading has-text-align-center has-text-color has-link-color wp-elements-78dc4b9036586eedf7cdcb2bf2512b08\" style=\"color:#fefefe;padding-right:0;padding-left:0;font-size:clamp(2.418rem, 2.418rem + ((1vw - 0.2rem) * 4.062), 4.5rem);text-transform:capitalize\">NAPRAWY, MODERNIZACJE I SZKOLENIA<\/h1>\n\n\n\n<div class=\"wp-block-group has-global-padding is-layout-constrained wp-container-core-group-is-layout-13c15a7e wp-block-group-is-layout-constrained\">\n<h2 class=\"wp-block-heading has-text-align-center has-text-color has-link-color wp-elements-75292e96c20b006fcc5a4ee1418f2d1e\" style=\"color:#ffffffab\">W\u0118DZARNI I KOM\u00d3R W\u0118DZARNICZYCH <\/h2>\n\n\n\n<div class=\"wp-block-buttons is-content-justification-center is-layout-flex wp-container-core-buttons-is-layout-a89b3969 wp-block-buttons-is-layout-flex\"><\/div>\n\n\n\n<p><\/p>\n<\/div>\n<\/div><\/div>\n\n\n\n<div class=\"wp-block-group alignfull has-kenta-base-background-color has-background has-global-padding is-layout-constrained wp-block-group-is-layout-constrained\" style=\"margin-top:0;margin-bottom:0;padding-top:var(--wp--preset--spacing--x-large);padding-bottom:var(--wp--preset--spacing--x-large)\"><\/div>\n\n\n\n<div class=\"wp-block-cover alignfull has-kenta-accent-active-color has-text-color has-link-color wp-elements-cf04b73fd54358fb27267a930d4e19a2\" style=\"margin-top:0;margin-bottom:0;padding-top:var(--wp--preset--spacing--x-large);padding-bottom:var(--wp--preset--spacing--x-large)\"><span aria-hidden=\"true\" class=\"wp-block-cover__background has-kenta-base-background-color has-background-dim-100 has-background-dim\"><\/span><div class=\"wp-block-cover__inner-container has-global-padding is-layout-constrained wp-block-cover-is-layout-constrained\">\n<div class=\"wp-block-group alignwide is-layout-flow wp-block-group-is-layout-flow\">\n<p class=\"has-text-align-left\" style=\"text-transform:capitalize\"><\/p>\n\n\n\n<div class=\"wp-block-columns is-layout-flex wp-container-core-columns-is-layout-28f84493 wp-block-columns-is-layout-flex\">\n<div class=\"wp-block-column is-layout-flow wp-container-core-column-is-layout-8a368f38 wp-block-column-is-layout-flow\">\n<div class=\"wp-block-group has-kenta-base-200-background-color has-background has-global-padding is-layout-constrained wp-container-core-group-is-layout-215d28a7 wp-block-group-is-layout-constrained\" style=\"border-radius:12px;padding-top:0;padding-right:0;padding-bottom:0;padding-left:0\">\n<figure class=\"wp-block-image size-full has-custom-border\"><img loading=\"lazy\" decoding=\"async\" width=\"899\" height=\"1599\" src=\"http:\/\/kronzny.cluster023.hosting.ovh.net\/wp-content\/uploads\/2024\/12\/WhatsApp-Image-2024-10-19-at-17.38.23-1.jpeg\" alt=\"\" class=\"wp-image-86\" style=\"border-top-left-radius:12px;border-top-right-radius:12px;object-fit:cover\" srcset=\"http:\/\/kronzny.cluster023.hosting.ovh.net\/wp-content\/uploads\/2024\/12\/WhatsApp-Image-2024-10-19-at-17.38.23-1.jpeg 899w, http:\/\/kronzny.cluster023.hosting.ovh.net\/wp-content\/uploads\/2024\/12\/WhatsApp-Image-2024-10-19-at-17.38.23-1-169x300.jpeg 169w, http:\/\/kronzny.cluster023.hosting.ovh.net\/wp-content\/uploads\/2024\/12\/WhatsApp-Image-2024-10-19-at-17.38.23-1-576x1024.jpeg 576w, http:\/\/kronzny.cluster023.hosting.ovh.net\/wp-content\/uploads\/2024\/12\/WhatsApp-Image-2024-10-19-at-17.38.23-1-768x1366.jpeg 768w, http:\/\/kronzny.cluster023.hosting.ovh.net\/wp-content\/uploads\/2024\/12\/WhatsApp-Image-2024-10-19-at-17.38.23-1-864x1536.jpeg 864w\" sizes=\"auto, (max-width: 899px) 100vw, 899px\" \/><\/figure>\n\n\n\n<div class=\"wp-block-group has-global-padding is-layout-constrained wp-container-core-group-is-layout-ff30bb0e wp-block-group-is-layout-constrained\" style=\"padding-top:var(--wp--preset--spacing--x-small);padding-right:var(--wp--preset--spacing--medium);padding-bottom:var(--wp--preset--spacing--x-small);padding-left:var(--wp--preset--spacing--medium)\">\n<h4 class=\"wp-block-heading\"><\/h4>\n\n\n\n<p>W\u0119dzarnia ogrodowa SWRP<\/p>\n<\/div>\n<\/div>\n<\/div>\n\n\n\n<div class=\"wp-block-column is-layout-flow wp-container-core-column-is-layout-8a368f38 wp-block-column-is-layout-flow\">\n<div class=\"wp-block-group has-kenta-base-200-background-color has-background has-global-padding is-layout-constrained wp-container-core-group-is-layout-215d28a7 wp-block-group-is-layout-constrained\" style=\"border-radius:12px;padding-top:0;padding-right:0;padding-bottom:0;padding-left:0\">\n<figure class=\"wp-block-image size-full has-custom-border\"><img loading=\"lazy\" decoding=\"async\" width=\"599\" height=\"1066\" src=\"http:\/\/kronzny.cluster023.hosting.ovh.net\/wp-content\/uploads\/2024\/12\/WhatsApp-Image-2024-10-19-at-17.38.23-edited.jpeg\" alt=\"\" class=\"wp-image-88\" style=\"border-top-left-radius:12px;border-top-right-radius:12px;object-fit:cover\" srcset=\"http:\/\/kronzny.cluster023.hosting.ovh.net\/wp-content\/uploads\/2024\/12\/WhatsApp-Image-2024-10-19-at-17.38.23-edited.jpeg 599w, http:\/\/kronzny.cluster023.hosting.ovh.net\/wp-content\/uploads\/2024\/12\/WhatsApp-Image-2024-10-19-at-17.38.23-edited-169x300.jpeg 169w, http:\/\/kronzny.cluster023.hosting.ovh.net\/wp-content\/uploads\/2024\/12\/WhatsApp-Image-2024-10-19-at-17.38.23-edited-575x1024.jpeg 575w\" sizes=\"auto, (max-width: 599px) 100vw, 599px\" \/><\/figure>\n\n\n\n<div class=\"wp-block-group has-global-padding is-layout-constrained wp-container-core-group-is-layout-ff30bb0e wp-block-group-is-layout-constrained\" style=\"padding-top:var(--wp--preset--spacing--x-small);padding-right:var(--wp--preset--spacing--medium);padding-bottom:var(--wp--preset--spacing--x-small);padding-left:var(--wp--preset--spacing--medium)\">\n<h4 class=\"wp-block-heading\"><\/h4>\n\n\n\n<p>W\u0119dzarnia ogrodowa SWRP<\/p>\n<\/div>\n<\/div>\n<\/div>\n<\/div>\n\n\n\n<div class=\"wp-block-columns is-layout-flex wp-container-core-columns-is-layout-28f84493 wp-block-columns-is-layout-flex\">\n<div class=\"wp-block-column is-layout-flow wp-container-core-column-is-layout-8a368f38 wp-block-column-is-layout-flow\">\n<div class=\"wp-block-group has-kenta-base-200-background-color has-background has-global-padding is-layout-constrained wp-container-core-group-is-layout-215d28a7 wp-block-group-is-layout-constrained\" style=\"border-radius:12px;padding-top:0;padding-right:0;padding-bottom:0;padding-left:0\">\n<figure class=\"wp-block-image size-full has-custom-border\"><img loading=\"lazy\" decoding=\"async\" width=\"1599\" height=\"899\" src=\"http:\/\/kronzny.cluster023.hosting.ovh.net\/wp-content\/uploads\/2024\/12\/WhatsApp-Image-2024-10-19-at-19.05.28.jpeg\" alt=\"\" class=\"wp-image-85\" style=\"border-top-left-radius:12px;border-top-right-radius:12px;object-fit:cover\" srcset=\"http:\/\/kronzny.cluster023.hosting.ovh.net\/wp-content\/uploads\/2024\/12\/WhatsApp-Image-2024-10-19-at-19.05.28.jpeg 1599w, http:\/\/kronzny.cluster023.hosting.ovh.net\/wp-content\/uploads\/2024\/12\/WhatsApp-Image-2024-10-19-at-19.05.28-300x169.jpeg 300w, http:\/\/kronzny.cluster023.hosting.ovh.net\/wp-content\/uploads\/2024\/12\/WhatsApp-Image-2024-10-19-at-19.05.28-1024x576.jpeg 1024w, http:\/\/kronzny.cluster023.hosting.ovh.net\/wp-content\/uploads\/2024\/12\/WhatsApp-Image-2024-10-19-at-19.05.28-768x432.jpeg 768w, http:\/\/kronzny.cluster023.hosting.ovh.net\/wp-content\/uploads\/2024\/12\/WhatsApp-Image-2024-10-19-at-19.05.28-1536x864.jpeg 1536w\" sizes=\"auto, (max-width: 1599px) 100vw, 1599px\" \/><\/figure>\n\n\n\n<div class=\"wp-block-group has-global-padding is-layout-constrained wp-container-core-group-is-layout-ff30bb0e wp-block-group-is-layout-constrained\" style=\"padding-top:var(--wp--preset--spacing--x-small);padding-right:var(--wp--preset--spacing--medium);padding-bottom:var(--wp--preset--spacing--x-small);padding-left:var(--wp--preset--spacing--medium)\">\n<h4 class=\"wp-block-heading\"><\/h4>\n\n\n\n<p>W\u0119dzarnia ogrodowa SWRP<\/p>\n<\/div>\n<\/div>\n<\/div>\n\n\n\n<div class=\"wp-block-column is-layout-flow wp-container-core-column-is-layout-8a368f38 wp-block-column-is-layout-flow\">\n<div class=\"wp-block-group has-kenta-base-200-background-color has-background has-global-padding is-layout-constrained wp-container-core-group-is-layout-215d28a7 wp-block-group-is-layout-constrained\" style=\"border-radius:12px;padding-top:0;padding-right:0;padding-bottom:0;padding-left:0\">\n<figure class=\"wp-block-image size-full has-custom-border\"><img loading=\"lazy\" decoding=\"async\" width=\"1920\" height=\"1080\" src=\"http:\/\/kronzny.cluster023.hosting.ovh.net\/wp-content\/uploads\/2024\/12\/WhatsApp-Image-2024-11-22-at-08.11.54-edited.jpeg\" alt=\"\" class=\"wp-image-91\" style=\"border-top-left-radius:12px;border-top-right-radius:12px;object-fit:cover\" srcset=\"http:\/\/kronzny.cluster023.hosting.ovh.net\/wp-content\/uploads\/2024\/12\/WhatsApp-Image-2024-11-22-at-08.11.54-edited.jpeg 1920w, http:\/\/kronzny.cluster023.hosting.ovh.net\/wp-content\/uploads\/2024\/12\/WhatsApp-Image-2024-11-22-at-08.11.54-edited-300x169.jpeg 300w, http:\/\/kronzny.cluster023.hosting.ovh.net\/wp-content\/uploads\/2024\/12\/WhatsApp-Image-2024-11-22-at-08.11.54-edited-1024x576.jpeg 1024w, http:\/\/kronzny.cluster023.hosting.ovh.net\/wp-content\/uploads\/2024\/12\/WhatsApp-Image-2024-11-22-at-08.11.54-edited-768x432.jpeg 768w, http:\/\/kronzny.cluster023.hosting.ovh.net\/wp-content\/uploads\/2024\/12\/WhatsApp-Image-2024-11-22-at-08.11.54-edited-1536x864.jpeg 1536w\" sizes=\"auto, (max-width: 1920px) 100vw, 1920px\" \/><\/figure>\n\n\n\n<div class=\"wp-block-group has-global-padding is-layout-constrained wp-container-core-group-is-layout-ff30bb0e wp-block-group-is-layout-constrained\" style=\"padding-top:var(--wp--preset--spacing--x-small);padding-right:var(--wp--preset--spacing--medium);padding-bottom:var(--wp--preset--spacing--x-small);padding-left:var(--wp--preset--spacing--medium)\">\n<h4 class=\"wp-block-heading\"><\/h4>\n\n\n\n<p>W\u0119dzarnia ogrodowa SWRP<\/p>\n<\/div>\n<\/div>\n<\/div>\n<\/div>\n<\/div>\n<\/div><\/div>\n","protected":false},"excerpt":{"rendered":"","protected":false},"author":1,"featured_media":0,"parent":0,"menu_order":0,"comment_status":"closed","ping_status":"closed","template":"templates\/boxed-trans-header-page-builder.php","meta":{"site-container-style":"default","site-container-layout":"default","site-sidebar-layout":"default","site-transparent-header":"default","disable-article-header":"default","disable-site-header":"default","disable-site-footer":"default","disable-content-area-spacing":"default","footnotes":""},"class_list":["post-39","page","type-page","status-publish","hentry"],"_links":{"self":[{"href":"https:\/\/www.xn--serwis-wdzarni-24b.pl\/index.php\/wp-json\/wp\/v2\/pages\/39","targetHints":{"allow":["GET"]}}],"collection":[{"href":"https:\/\/www.xn--serwis-wdzarni-24b.pl\/index.php\/wp-json\/wp\/v2\/pages"}],"about":[{"href":"https:\/\/www.xn--serwis-wdzarni-24b.pl\/index.php\/wp-json\/wp\/v2\/types\/page"}],"author":[{"embeddable":true,"href":"https:\/\/www.xn--serwis-wdzarni-24b.pl\/index.php\/wp-json\/wp\/v2\/users\/1"}],"replies":[{"embeddable":true,"href":"https:\/\/www.xn--serwis-wdzarni-24b.pl\/index.php\/wp-json\/wp\/v2\/comments?post=39"}],"version-history":[{"count":9,"href":"https:\/\/www.xn--serwis-wdzarni-24b.pl\/index.php\/wp-json\/wp\/v2\/pages\/39\/revisions"}],"predecessor-version":[{"id":100,"href":"https:\/\/www.xn--serwis-wdzarni-24b.pl\/index.php\/wp-json\/wp\/v2\/pages\/39\/revisions\/100"}],"wp:attachment":[{"href":"https:\/\/www.xn--serwis-wdzarni-24b.pl\/index.php\/wp-json\/wp\/v2\/media?parent=39"}],"curies":[{"name":"wp","href":"https:\/\/api.w.org\/{rel}","templated":true}]}}